{"id":6020,"date":"2020-03-24T08:23:48","date_gmt":"2020-03-24T08:23:48","guid":{"rendered":"https:\/\/www.terolabsurface.com\/?page_id=6020"},"modified":"2020-10-22T12:00:43","modified_gmt":"2020-10-22T12:00:43","slug":"covid-19-corona-virus-pandemie","status":"publish","type":"page","link":"https:\/\/www.tlsanilox.com\/de\/covid-19-corona-virus-pandemie\/","title":{"rendered":"COVID \u2013 19 (Corona Virus Pandemie)"},"content":{"rendered":"<p>[vc_row][vc_column][vc_column_text]Sehr geehrte Kunden und Partner,<\/p>\n<p>Wir haben uns in den letzten Wochen zum Schutz unserer Mitarbeiter und zur Aufrechterhaltung der Produktion sehr intensiv mit der Corona Virus Pandemie auseinandergesetzt und uns vorbereitet.<\/p>\n<ul>\n<li>Unsere Produktion arbeitet in zwei zeitlich voneinander getrennten Schichten. Es findet KEINE Schicht\u00fcbergabe statt.<\/li>\n<li>Wir haben uns f\u00fcr die n\u00e4chsten Monate mit dem n\u00f6tigen Rohmaterial eingedeckt und unsere Lieferanten f\u00fcr Walzen und Sleeves sind lokal beheimatet.<\/li>\n<li>Jedes B\u00fcro ist mit einem Mitarbeiter besetzt, die anderen Mitarbeiter sind im Homeoffice.<\/li>\n<li>Die g\u00e4ngigen RW-Sleeve und -walzen haben wir lagernd, teilweise bereits beschichtet um kurze Produktionszeiten zu garantieren.<\/li>\n<\/ul>\n<p>Sie erreichen ihre bekannten Ansprechpartner \u00fcber die Ihnen bekannten Telefonnummern und Emailadressen oder \u00fcber die unten genannten Kontaktdaten.<\/p>\n<p>&nbsp;<\/p>\n<p>Mit freundlichen Gr\u00fc\u00dfen<\/p>\n<p><strong>Andreas Willeke<br \/>\n<\/strong><em>CEO<br \/>\n<\/em>TLS Anilox GmbH[\/vc_column_text][\/vc_column][\/vc_row]<\/p>\n","protected":false},"excerpt":{"rendered":"<p>[vc_row][vc_column][vc_column_text]Sehr geehrte Kunden und Partner, Wir haben uns in den letzten Wochen zum Schutz unserer Mitarbeiter und zur Aufrechterhaltung der Produktion sehr intensiv mit der Corona Virus Pandemie auseinandergesetzt und uns vorbereitet. Unsere Produktion arbeitet in zwei zeitlich voneinander getrennten Schichten. Es findet KEINE Schicht\u00fcbergabe statt. Wir haben uns f\u00fcr die n\u00e4chsten Monate mit dem &hellip; <a href=\"https:\/\/www.tlsanilox.com\/de\/covid-19-corona-virus-pandemie\/\">Weiterlesen<\/a><\/p>\n","protected":false},"author":1,"featured_media":0,"parent":0,"menu_order":47,"comment_status":"closed","ping_status":"closed","template":"template-anilox.php","meta":[],"acf":[],"yoast_head":"<!-- This site is optimized with the Yoast SEO plugin v19.11 - https:\/\/yoast.com\/wordpress\/plugins\/seo\/ -->\n<title>COVID \u2013 19 (Corona Virus Pandemie) - TLS Anilox<\/title>\n<meta name=\"description\" content=\"Wir haben uns in den letzten Wochen zum Schutz unserer Mitarbeiter und zur Aufrechterhaltung der Produktion sehr intensiv mit der Corona Virus Pandemie auseinandergesetzt und uns vorbereitet.\" \/>\n<meta name=\"robots\" content=\"index, follow, max-snippet:-1, max-image-preview:large, max-video-preview:-1\" \/>\n<link rel=\"canonical\" href=\"https:\/\/new.tlsanilox.com\/de\/covid-19-corona-virus-pandemie\/\" \/>\n<meta property=\"og:locale\" content=\"de_DE\" \/>\n<meta property=\"og:type\" content=\"article\" \/>\n<meta property=\"og:title\" content=\"COVID \u2013 19 (Corona Virus Pandemie) - TLS Anilox\" \/>\n<meta property=\"og:description\" content=\"Wir haben uns in den letzten Wochen zum Schutz unserer Mitarbeiter und zur Aufrechterhaltung der Produktion sehr intensiv mit der Corona Virus Pandemie auseinandergesetzt und uns vorbereitet.\" \/>\n<meta property=\"og:url\" content=\"https:\/\/new.tlsanilox.com\/de\/covid-19-corona-virus-pandemie\/\" \/>\n<meta property=\"og:site_name\" content=\"TLS Anilox\" \/>\n<meta property=\"article:modified_time\" content=\"2020-10-22T12:00:43+00:00\" \/>\n<meta name=\"twitter:card\" content=\"summary_large_image\" \/>\n<meta name=\"twitter:label1\" content=\"Est. reading time\" \/>\n\t<meta name=\"twitter:data1\" content=\"1 minute\" \/>\n<script type=\"application\/ld+json\" class=\"yoast-schema-graph\">{\"@context\":\"https:\/\/schema.org\",\"@graph\":[{\"@type\":\"WebPage\",\"@id\":\"https:\/\/new.tlsanilox.com\/de\/covid-19-corona-virus-pandemie\/\",\"url\":\"https:\/\/new.tlsanilox.com\/de\/covid-19-corona-virus-pandemie\/\",\"name\":\"COVID \u2013 19 (Corona Virus Pandemie) - TLS Anilox\",\"isPartOf\":{\"@id\":\"https:\/\/new.tlsanilox.com\/de\/#website\"},\"datePublished\":\"2020-03-24T08:23:48+00:00\",\"dateModified\":\"2020-10-22T12:00:43+00:00\",\"description\":\"Wir haben uns in den letzten Wochen zum Schutz unserer Mitarbeiter und zur Aufrechterhaltung der Produktion sehr intensiv mit der Corona Virus Pandemie auseinandergesetzt und uns vorbereitet.\",\"breadcrumb\":{\"@id\":\"https:\/\/new.tlsanilox.com\/de\/covid-19-corona-virus-pandemie\/#breadcrumb\"},\"inLanguage\":\"de-DE\",\"potentialAction\":[{\"@type\":\"ReadAction\",\"target\":[\"https:\/\/new.tlsanilox.com\/de\/covid-19-corona-virus-pandemie\/\"]}]},{\"@type\":\"BreadcrumbList\",\"@id\":\"https:\/\/new.tlsanilox.com\/de\/covid-19-corona-virus-pandemie\/#breadcrumb\",\"itemListElement\":[{\"@type\":\"ListItem\",\"position\":1,\"name\":\"Home\",\"item\":\"https:\/\/www.tlsanilox.com\/de\/\"},{\"@type\":\"ListItem\",\"position\":2,\"name\":\"COVID \u2013 19 (Corona Virus Pandemie)\"}]},{\"@type\":\"WebSite\",\"@id\":\"https:\/\/new.tlsanilox.com\/de\/#website\",\"url\":\"https:\/\/new.tlsanilox.com\/de\/\",\"name\":\"TLS Anilox\",\"description\":\"Improvement of printing quality\",\"potentialAction\":[{\"@type\":\"SearchAction\",\"target\":{\"@type\":\"EntryPoint\",\"urlTemplate\":\"https:\/\/new.tlsanilox.com\/de\/?s={search_term_string}\"},\"query-input\":\"required name=search_term_string\"}],\"inLanguage\":\"de-DE\"}]}<\/script>\n<!-- \/ Yoast SEO plugin. -->","yoast_head_json":{"title":"COVID \u2013 19 (Corona Virus Pandemie) - TLS Anilox","description":"Wir haben uns in den letzten Wochen zum Schutz unserer Mitarbeiter und zur Aufrechterhaltung der Produktion sehr intensiv mit der Corona Virus Pandemie auseinandergesetzt und uns vorbereitet.","robots":{"index":"index","follow":"follow","max-snippet":"max-snippet:-1","max-image-preview":"max-image-preview:large","max-video-preview":"max-video-preview:-1"},"canonical":"https:\/\/new.tlsanilox.com\/de\/covid-19-corona-virus-pandemie\/","og_locale":"de_DE","og_type":"article","og_title":"COVID \u2013 19 (Corona Virus Pandemie) - TLS Anilox","og_description":"Wir haben uns in den letzten Wochen zum Schutz unserer Mitarbeiter und zur Aufrechterhaltung der Produktion sehr intensiv mit der Corona Virus Pandemie auseinandergesetzt und uns vorbereitet.","og_url":"https:\/\/new.tlsanilox.com\/de\/covid-19-corona-virus-pandemie\/","og_site_name":"TLS Anilox","article_modified_time":"2020-10-22T12:00:43+00:00","twitter_card":"summary_large_image","twitter_misc":{"Est. reading time":"1 minute"},"schema":{"@context":"https:\/\/schema.org","@graph":[{"@type":"WebPage","@id":"https:\/\/new.tlsanilox.com\/de\/covid-19-corona-virus-pandemie\/","url":"https:\/\/new.tlsanilox.com\/de\/covid-19-corona-virus-pandemie\/","name":"COVID \u2013 19 (Corona Virus Pandemie) - TLS Anilox","isPartOf":{"@id":"https:\/\/new.tlsanilox.com\/de\/#website"},"datePublished":"2020-03-24T08:23:48+00:00","dateModified":"2020-10-22T12:00:43+00:00","description":"Wir haben uns in den letzten Wochen zum Schutz unserer Mitarbeiter und zur Aufrechterhaltung der Produktion sehr intensiv mit der Corona Virus Pandemie auseinandergesetzt und uns vorbereitet.","breadcrumb":{"@id":"https:\/\/new.tlsanilox.com\/de\/covid-19-corona-virus-pandemie\/#breadcrumb"},"inLanguage":"de-DE","potentialAction":[{"@type":"ReadAction","target":["https:\/\/new.tlsanilox.com\/de\/covid-19-corona-virus-pandemie\/"]}]},{"@type":"BreadcrumbList","@id":"https:\/\/new.tlsanilox.com\/de\/covid-19-corona-virus-pandemie\/#breadcrumb","itemListElement":[{"@type":"ListItem","position":1,"name":"Home","item":"https:\/\/www.tlsanilox.com\/de\/"},{"@type":"ListItem","position":2,"name":"COVID \u2013 19 (Corona Virus Pandemie)"}]},{"@type":"WebSite","@id":"https:\/\/new.tlsanilox.com\/de\/#website","url":"https:\/\/new.tlsanilox.com\/de\/","name":"TLS Anilox","description":"Improvement of printing quality","potentialAction":[{"@type":"SearchAction","target":{"@type":"EntryPoint","urlTemplate":"https:\/\/new.tlsanilox.com\/de\/?s={search_term_string}"},"query-input":"required name=search_term_string"}],"inLanguage":"de-DE"}]}},"_links":{"self":[{"href":"https:\/\/www.tlsanilox.com\/de\/wp-json\/wp\/v2\/pages\/6020"}],"collection":[{"href":"https:\/\/www.tlsanilox.com\/de\/wp-json\/wp\/v2\/pages"}],"about":[{"href":"https:\/\/www.tlsanilox.com\/de\/wp-json\/wp\/v2\/types\/page"}],"author":[{"embeddable":true,"href":"https:\/\/www.tlsanilox.com\/de\/wp-json\/wp\/v2\/users\/1"}],"replies":[{"embeddable":true,"href":"https:\/\/www.tlsanilox.com\/de\/wp-json\/wp\/v2\/comments?post=6020"}],"version-history":[{"count":7,"href":"https:\/\/www.tlsanilox.com\/de\/wp-json\/wp\/v2\/pages\/6020\/revisions"}],"predecessor-version":[{"id":6030,"href":"https:\/\/www.tlsanilox.com\/de\/wp-json\/wp\/v2\/pages\/6020\/revisions\/6030"}],"wp:attachment":[{"href":"https:\/\/www.tlsanilox.com\/de\/wp-json\/wp\/v2\/media?parent=6020"}],"curies":[{"name":"wp","href":"https:\/\/api.w.org\/{rel}","templated":true}]}}