{"id":3210,"date":"2016-08-31T10:07:27","date_gmt":"2016-08-31T10:07:27","guid":{"rendered":"http:\/\/tls2016.yabo-sites.loc\/de\/?page_id=3210"},"modified":"2025-04-23T07:42:32","modified_gmt":"2025-04-23T07:42:32","slug":"kontakt","status":"publish","type":"page","link":"https:\/\/www.tlsanilox.com\/de\/kontakt\/","title":{"rendered":"Kontakt"},"content":{"rendered":"<p>[vc_row][vc_column width=&#8220;2\/3&#8243;]<div class='tls_big_title uppercase' ><h2 class='uppercase'><p>STANDORT TLS SALZKOTTEN<\/p>\n<\/h2><\/div>[vc_raw_html]JTNDZGl2JTIwY2xhc3MlM0QlMjJGbGV4aWJsZS1jb250YWluZXIlMjIlM0UlMEElMDklM0NkaXYlMjBpZCUzRCUyMm1hcF9jYW52YXMlMjIlM0UlM0MlMkZkaXYlM0UlMEElM0MlMkZkaXYlM0U=[\/vc_raw_html][vc_empty_space][\/vc_column][vc_column width=&#8220;1\/3&#8243;]<div class='tls_big_title uppercase' ><h2 class='uppercase'><p>KONTAKTDATEN<\/p>\n<\/h2><\/div>[vc_column_text]<\/p>\n<address><strong>TLS Anilox GmbH<\/strong><br \/>\nAm Schlinge 20<br \/>\nD-33154 Salzkotten<\/address>\n<p>[\/vc_column_text]<a href='https:\/\/www.google.com\/maps\/dir\/\/TLS+Anilox+GmbH,+Am+Schlinge+20,+33154+Salzkotten,+Allemagne\/@51.6723622,8.5048269,12z\/data=!3m1!4b1!4m8!4m7!1m0!1m5!1m1!1s0x47bbcaf159079ae5:0xcf42da398b919f20!2m2!1d8.5748664!2d51.672383' target='_blank'  class='tls_contact_button'>Route berechnen<span class='span-icon'><i class='glyphicon glyphicon-triangle-right'\/><\/i><\/span><\/a>[vc_empty_space][vc_column_text]<\/p>\n<address><span class='glyphicon glyphicon-phone-alt'><\/span> +49 (0) 52 58 \/ 97 57-00<br \/>\n<span class='glyphicon glyphicon-print'><\/span> +49 (0) 52 58 \/ 97 57-028<br \/>\n<span class='glyphicon glyphicon-envelope'><\/span> <a href=\"mailto:info@tlsanilox.de\">info@tlsanilox.de<\/a><\/address>\n<p>[\/vc_column_text]<a href='#modal_contact'  data-toggle='modal' class='tls_contact_button'>Nachricht senden<span class='span-icon'><i class='glyphicon glyphicon-triangle-right'\/><\/i><\/span><\/a>[\/vc_column][\/vc_row][vc_row][vc_column width=&#8220;3\/4&#8243;]<div class='tls_big_title uppercase' ><h2 class='uppercase'><p>ANSPRECHPARTNER<\/p>\n<\/h2><\/div>[vc_row_inner][vc_column_inner][vc_column_text]<a name=\"dep-management--3\"><\/a>[\/vc_column_text][\/vc_column_inner][\/vc_row_inner][vc_row_inner el_class=&#8220;silver&#8220;][vc_column_inner]<div class='tls_big_title normal' ><h2 class='normal'><p>Gesch\u00e4ftsf\u00fchrung<\/p>\n<\/h2><\/div>[\/vc_column_inner][\/vc_row_inner][vc_row_inner el_class=&#8220;silver&#8220;][vc_column_inner width=&#8220;1\/6&#8243;][vc_single_image image=&#8220;6209&#8243; img_size=&#8220;full&#8220; el_class=&#8220;img-thumbnail&#8220;][\/vc_column_inner][vc_column_inner width=&#8220;2\/6&#8243;][vc_column_text]<\/p>\n<h4>Andr\u00e9 Schmitz<\/h4>\n<p><em>Gesch\u00e4ftsf\u00fchrer<\/em><\/p>\n<div class=\"email\">\n<address><span class='glyphicon glyphicon-envelope'><\/span> <a href=\"mailto:andre.schmitz@pamarco.com\">andre.schmitz@pamarco.com<\/a><\/address>\n<\/div>\n<p>[\/vc_column_text][\/vc_column_inner][vc_column_inner width=&#8220;1\/6&#8243;][vc_single_image image=&#8220;6493&#8243; img_size=&#8220;full&#8220; el_class=&#8220;img-thumbnail&#8220;][\/vc_column_inner][vc_column_inner width=&#8220;2\/6&#8243;][vc_column_text]<\/p>\n<h4>Steven Mortimer<\/h4>\n<p><em>Gesch\u00e4ftsf\u00fchrer &#8211; Pamarco Europe<\/em><\/p>\n<div class=\"tel\">\n<address><span class='glyphicon glyphicon-phone-alt'><\/span> +44 (0) 1925 456789<br \/>\n<span class='glyphicon glyphicon-phone'><\/span> +44 (0) 7802 553446<\/address>\n<\/div>\n<div class=\"email\">\n<address><span class='glyphicon glyphicon-envelope'><\/span> <a href=\"mailto:steven.mortimer@pamarco.com\">steven.mortimer@pamarco.com<\/a><\/address>\n<\/div>\n<p>[\/vc_column_text][\/vc_column_inner][\/vc_row_inner][vc_row_inner][vc_column_inner][vc_column_text]<a name=\"dep-production--3\"><\/a>[\/vc_column_text][\/vc_column_inner][\/vc_row_inner][vc_row_inner el_class=&#8220;silver&#8220;][vc_column_inner]<div class='tls_big_title normal' ><h2 class='normal'><p>Produktion<\/p>\n<\/h2><\/div>[\/vc_column_inner][\/vc_row_inner][vc_row_inner el_class=&#8220;silver&#8220;][vc_column_inner width=&#8220;1\/6&#8243;][vc_single_image image=&#8220;6456&#8243; el_class=&#8220;img-thumbnail&#8220;][\/vc_column_inner][vc_column_inner width=&#8220;2\/6&#8243;][vc_column_text]<\/p>\n<h4>J\u00f6rg Haar<\/h4>\n<p><em>Betriebsleiter<\/em><\/p>\n<div class=\"tel\">\n<address><span class='glyphicon glyphicon-phone-alt'><\/span> +49 (0) 52 58 \/ 97 57-027<br \/>\n<span class='glyphicon glyphicon-print'><\/span> +49 (0) 52 58 \/ 97 57-028<\/address>\n<\/div>\n<div class=\"email\">\n<address><span class='glyphicon glyphicon-envelope'><\/span> <a href=\"mailto:j.haar@tlsanilox.de\">j.haar@tlsanilox.de<\/a><\/address>\n<\/div>\n<p>[\/vc_column_text][\/vc_column_inner][vc_column_inner width=&#8220;1\/6&#8243;][vc_single_image image=&#8220;6458&#8243; el_class=&#8220;img-thumbnail&#8220;][\/vc_column_inner][vc_column_inner width=&#8220;2\/6&#8243;][vc_column_text]<\/p>\n<h4>J\u00fcrgen Brauckmann<\/h4>\n<p><em>Produktmanager<\/em><\/p>\n<div class=\"tel\">\n<address><span class='glyphicon glyphicon-phone-alt'><\/span> +49 (0) 52 58 \/ 97 57-017<br \/>\n<span class='glyphicon glyphicon-phone'><\/span> +49 (0) 160 \/ 99 16 32 09<br \/>\n<span class='glyphicon glyphicon-print'><\/span> +49 (0) 52 58 \/ 97 57-028<\/address>\n<\/div>\n<div class=\"email\"><i class=\"icon-skype\"><\/i> <a href=\"skype:tlsanilox-jbrauckmann\">tlsanilox-jbrauckmann<\/a><\/div>\n<div class=\"email\">\n<address><span class='glyphicon glyphicon-envelope'><\/span> <a href=\"mailto:j.brauckmann@tlsanilox.de\">j.brauckmann@tlsanilox.de<\/a><\/address>\n<\/div>\n<p>[\/vc_column_text][\/vc_column_inner][\/vc_row_inner][vc_row_inner][vc_column_inner][vc_column_text]<a name=\"dep-production--3\"><\/a>[\/vc_column_text][\/vc_column_inner][\/vc_row_inner][vc_row_inner el_class=&#8220;silver&#8220;][vc_column_inner]<div class='tls_big_title normal' ><h2 class='normal'><p>Vertrieb<\/p>\n<\/h2><\/div>[\/vc_column_inner][\/vc_row_inner][vc_row_inner el_class=&#8220;silver&#8220;][vc_column_inner width=&#8220;1\/6&#8243;][vc_single_image source=&#8220;external_link&#8220; custom_src=&#8220;\/\/www.tlsanilox.com\/uploads\/icon\/image\/788\/small_seibel.jpg&#8220; el_class=&#8220;img-thumbnail&#8220;][\/vc_column_inner][vc_column_inner width=&#8220;2\/6&#8243;][vc_column_text]<\/p>\n<h4>Irina Seibel<\/h4>\n<p><em>Verwaltung <\/em><\/p>\n<div class=\"tel\">\n<address><span class='glyphicon glyphicon-phone-alt'><\/span> +49 (0) 52 58 \/ 97 57-021<br \/>\n<span class='glyphicon glyphicon-print'><\/span> +49 (0) 52 58 \/ 97 57-028<\/address>\n<\/div>\n<div class=\"email\">\n<address><span class='glyphicon glyphicon-envelope'><\/span> <a href=\"mailto:i.seibel@tlsanilox.de\">i.seibel@tlsanilox.de<\/a><\/address>\n<\/div>\n<p>[\/vc_column_text][\/vc_column_inner][vc_column_inner width=&#8220;1\/6&#8243;][vc_single_image image=&#8220;6454&#8243; img_size=&#8220;full&#8220; el_class=&#8220;img-thumbnail&#8220;][\/vc_column_inner][vc_column_inner width=&#8220;2\/6&#8243;][vc_column_text]<\/p>\n<h4>Andreas Willeke<\/h4>\n<p><em>Vertriebsleiter Deutschland<\/em><\/p>\n<div class=\"tel\">\n<address><span class='glyphicon glyphicon-phone-alt'><\/span> +49 (0) 52 58 \/ 97 57 &#8211; 014<br \/>\n<span class='glyphicon glyphicon-print'><\/span> +49 (0) 52 58 \/ 97 57 \u2013 028<br \/>\n<span class='glyphicon glyphicon-phone'><\/span> +49 (0) 1 60 \/ 2 21 10 12<\/address>\n<\/div>\n<div class=\"email\">\n<address><span class='glyphicon glyphicon-envelope'><\/span> <a href=\"mailto:a.willeke@tlsanilox.de\">a.willeke@tlsanilox.de<\/a><\/address>\n<\/div>\n<p>[\/vc_column_text][\/vc_column_inner][\/vc_row_inner][vc_row_inner el_class=&#8220;silver&#8220;][vc_column_inner width=&#8220;1\/6&#8243;][vc_single_image image=&#8220;6209&#8243; img_size=&#8220;full&#8220; el_class=&#8220;img-thumbnail&#8220;][\/vc_column_inner][vc_column_inner width=&#8220;2\/6&#8243;][vc_column_text]<\/p>\n<h4>Murat Yoldaser<\/h4>\n<p><em> Vertriebsinnendienst<br \/>\nZust\u00e4ndigkeit: Deutschland<\/em><\/p>\n<div class=\"tel\">\n<address><span class='glyphicon glyphicon-phone-alt'><\/span> +49 (0) 52 58 \/ 97 57 &#8211; 013<br \/>\n<span class='glyphicon glyphicon-print'><\/span> +49 (0) 52 58 \/ 97 57 \u2013 028<\/address>\n<\/div>\n<div class=\"email\">\n<address><span class='glyphicon glyphicon-envelope'><\/span> <a href=\"mailto:m.yoldaser@tlsanilox.de\">m.yoldaser@tlsanilox.de<\/a><\/address>\n<\/div>\n<p>[\/vc_column_text][\/vc_column_inner][vc_column_inner width=&#8220;1\/6&#8243;][vc_single_image image=&#8220;6209&#8243; img_size=&#8220;full&#8220; el_class=&#8220;img-thumbnail&#8220;][\/vc_column_inner][vc_column_inner width=&#8220;2\/6&#8243;][vc_column_text]<\/p>\n<h4>Nils Nolte<\/h4>\n<p><em> Vertriebsinnendienst<br \/>\nZust\u00e4ndigkeit: Europ\u00e4ische Gemeinschaft (au\u00dfer Deutschland) <\/em><\/p>\n<div class=\"tel\">\n<address><span class='glyphicon glyphicon-phone-alt'><\/span> +49 (0) 52 58 \/ 97 57 &#8211; 012<br \/>\n<span class='glyphicon glyphicon-print'><\/span> +49 (0) 52 58 \/ 97 57 \u2013 028<\/address>\n<\/div>\n<div class=\"email\">\n<address><span class='glyphicon glyphicon-envelope'><\/span> <a href=\"mailto:n.nolte@tlsanilox.de\">n.nolte@tlsanilox.de<\/a><\/address>\n<\/div>\n<p>[\/vc_column_text][\/vc_column_inner][\/vc_row_inner][vc_row_inner el_class=&#8220;silver&#8220;][vc_column_inner width=&#8220;1\/6&#8243;][vc_single_image image=&#8220;6209&#8243; img_size=&#8220;full&#8220; el_class=&#8220;img-thumbnail&#8220;][\/vc_column_inner][vc_column_inner width=&#8220;2\/6&#8243;][vc_column_text]<\/p>\n<h4>Andreas Habermann<\/h4>\n<p><em>Vertriebsinnendienst \/ Export<br \/>\nZust\u00e4ndigkeit: Nicht-EU-L\u00e4nder<\/em><\/p>\n<div class=\"tel\">\n<address><span class='glyphicon glyphicon-phone-alt'><\/span> +49 (0) 52 58 \/ 97 57 &#8211; 011<br \/>\n<span class='glyphicon glyphicon-print'><\/span> +49 (0) 52 58 \/ 97 57 \u2013 028<\/address>\n<\/div>\n<div class=\"email\">\n<address><span class='glyphicon glyphicon-envelope'><\/span> <a href=\"mailto:a.habermann@tlsanilox.de\">a.habermann@tlsanilox.de<\/a><\/address>\n<\/div>\n<p>[\/vc_column_text][\/vc_column_inner][vc_column_inner width=&#8220;1\/6&#8243;][vc_single_image image=&#8220;6460&#8243; img_size=&#8220;full&#8220; el_class=&#8220;img-thumbnail&#8220;][\/vc_column_inner][vc_column_inner width=&#8220;2\/6&#8243;][vc_column_text]<\/p>\n<h4>Piotr Krusinski<\/h4>\n<p><em>Technical Sales Manager<\/em><\/p>\n<div class=\"tel\">\n<address><span class='glyphicon glyphicon-phone-alt'><\/span> +49 (0) 52 58 \/ 97 57 &#8211; 023<br \/>\n<span class='glyphicon glyphicon-print'><\/span> +49 (0) 52 58 \/ 97 57 \u2013 028<br \/>\n<span class='glyphicon glyphicon-phone'><\/span>+49 (0) 151 \/ 70 696 171<\/address>\n<\/div>\n<div class=\"email\">\n<address><span class='glyphicon glyphicon-envelope'><\/span> <a href=\"mailto:p.krusinski@tlsanilox.de\">p.krusinski@tlsanilox.de<\/a><\/address>\n<\/div>\n<p>[\/vc_column_text][\/vc_column_inner][\/vc_row_inner][vc_row_inner][vc_column_inner][vc_column_text]<a name=\"dep-administration--3\"><\/a>[\/vc_column_text][\/vc_column_inner][\/vc_row_inner][\/vc_column][\/vc_row]<\/p>\n","protected":false},"excerpt":{"rendered":"<p>[vc_row][vc_column width=&#8220;2\/3&#8243;][vc_raw_html]JTNDZGl2JTIwY2xhc3MlM0QlMjJGbGV4aWJsZS1jb250YWluZXIlMjIlM0UlMEElMDklM0NkaXYlMjBpZCUzRCUyMm1hcF9jYW52YXMlMjIlM0UlM0MlMkZkaXYlM0UlMEElM0MlMkZkaXYlM0U=[\/vc_raw_html][vc_empty_space][\/vc_column][vc_column width=&#8220;1\/3&#8243;][vc_column_text] TLS Anilox GmbH Am Schlinge 20 D-33154 Salzkotten [\/vc_column_text][vc_empty_space][vc_column_text] +49 (0) 52 58 \/ 97 57-00 +49 (0) 52 58 \/ 97 57-028 info@tlsanilox.de [\/vc_column_text][\/vc_column][\/vc_row][vc_row][vc_column width=&#8220;3\/4&#8243;][vc_row_inner][vc_column_inner][vc_column_text][\/vc_column_text][\/vc_column_inner][\/vc_row_inner][vc_row_inner el_class=&#8220;silver&#8220;][vc_column_inner][\/vc_column_inner][\/vc_row_inner][vc_row_inner el_class=&#8220;silver&#8220;][vc_column_inner width=&#8220;1\/6&#8243;][vc_single_image image=&#8220;6209&#8243; img_size=&#8220;full&#8220; el_class=&#8220;img-thumbnail&#8220;][\/vc_column_inner][vc_column_inner width=&#8220;2\/6&#8243;][vc_column_text] Andr\u00e9 Schmitz Gesch\u00e4ftsf\u00fchrer andre.schmitz@pamarco.com [\/vc_column_text][\/vc_column_inner][vc_column_inner width=&#8220;1\/6&#8243;][vc_single_image image=&#8220;6493&#8243; img_size=&#8220;full&#8220; el_class=&#8220;img-thumbnail&#8220;][\/vc_column_inner][vc_column_inner width=&#8220;2\/6&#8243;][vc_column_text] Steven Mortimer Gesch\u00e4ftsf\u00fchrer &#8211; Pamarco Europe +44 (0) 1925 &hellip; <a href=\"https:\/\/www.tlsanilox.com\/de\/kontakt\/\">Weiterlesen<\/a><\/p>\n","protected":false},"author":1,"featured_media":0,"parent":0,"menu_order":46,"comment_status":"closed","ping_status":"closed","template":"template-contact.php","meta":[],"acf":[],"yoast_head":"<!-- This site is optimized with the Yoast SEO plugin v19.11 - https:\/\/yoast.com\/wordpress\/plugins\/seo\/ -->\n<title>Kontakt - TLS Anilox<\/title>\n<meta name=\"description\" content=\"Der Gesch\u00e4ftsf\u00fchrer der TLS Anilox ist Wolfram Unterberg.\" \/>\n<meta name=\"robots\" content=\"index, follow, max-snippet:-1, max-image-preview:large, max-video-preview:-1\" \/>\n<link rel=\"canonical\" href=\"https:\/\/www.tlsanilox.com\/de\/kontakt\/\" \/>\n<meta property=\"og:locale\" content=\"de_DE\" \/>\n<meta property=\"og:type\" content=\"article\" \/>\n<meta property=\"og:title\" content=\"Kontakt - TLS Anilox\" \/>\n<meta property=\"og:description\" content=\"Der Gesch\u00e4ftsf\u00fchrer der TLS Anilox ist Wolfram Unterberg.\" \/>\n<meta property=\"og:url\" content=\"https:\/\/www.tlsanilox.com\/de\/kontakt\/\" \/>\n<meta property=\"og:site_name\" content=\"TLS Anilox\" \/>\n<meta property=\"article:modified_time\" content=\"2025-04-23T07:42:32+00:00\" \/>\n<meta name=\"twitter:card\" content=\"summary_large_image\" \/>\n<meta name=\"twitter:label1\" content=\"Est. reading time\" \/>\n\t<meta name=\"twitter:data1\" content=\"3 minutes\" \/>\n<script type=\"application\/ld+json\" class=\"yoast-schema-graph\">{\"@context\":\"https:\/\/schema.org\",\"@graph\":[{\"@type\":\"WebPage\",\"@id\":\"https:\/\/www.tlsanilox.com\/de\/kontakt\/\",\"url\":\"https:\/\/www.tlsanilox.com\/de\/kontakt\/\",\"name\":\"Kontakt - TLS Anilox\",\"isPartOf\":{\"@id\":\"https:\/\/new.tlsanilox.com\/de\/#website\"},\"datePublished\":\"2016-08-31T10:07:27+00:00\",\"dateModified\":\"2025-04-23T07:42:32+00:00\",\"description\":\"Der Gesch\u00e4ftsf\u00fchrer der TLS Anilox ist Wolfram Unterberg.\",\"breadcrumb\":{\"@id\":\"https:\/\/www.tlsanilox.com\/de\/kontakt\/#breadcrumb\"},\"inLanguage\":\"de-DE\",\"potentialAction\":[{\"@type\":\"ReadAction\",\"target\":[\"https:\/\/www.tlsanilox.com\/de\/kontakt\/\"]}]},{\"@type\":\"BreadcrumbList\",\"@id\":\"https:\/\/www.tlsanilox.com\/de\/kontakt\/#breadcrumb\",\"itemListElement\":[{\"@type\":\"ListItem\",\"position\":1,\"name\":\"Home\",\"item\":\"https:\/\/www.tlsanilox.com\/de\/\"},{\"@type\":\"ListItem\",\"position\":2,\"name\":\"Kontakt\"}]},{\"@type\":\"WebSite\",\"@id\":\"https:\/\/new.tlsanilox.com\/de\/#website\",\"url\":\"https:\/\/new.tlsanilox.com\/de\/\",\"name\":\"TLS Anilox\",\"description\":\"Improvement of printing quality\",\"potentialAction\":[{\"@type\":\"SearchAction\",\"target\":{\"@type\":\"EntryPoint\",\"urlTemplate\":\"https:\/\/new.tlsanilox.com\/de\/?s={search_term_string}\"},\"query-input\":\"required name=search_term_string\"}],\"inLanguage\":\"de-DE\"}]}<\/script>\n<!-- \/ Yoast SEO plugin. -->","yoast_head_json":{"title":"Kontakt - TLS Anilox","description":"Der Gesch\u00e4ftsf\u00fchrer der TLS Anilox ist Wolfram Unterberg.","robots":{"index":"index","follow":"follow","max-snippet":"max-snippet:-1","max-image-preview":"max-image-preview:large","max-video-preview":"max-video-preview:-1"},"canonical":"https:\/\/www.tlsanilox.com\/de\/kontakt\/","og_locale":"de_DE","og_type":"article","og_title":"Kontakt - TLS Anilox","og_description":"Der Gesch\u00e4ftsf\u00fchrer der TLS Anilox ist Wolfram Unterberg.","og_url":"https:\/\/www.tlsanilox.com\/de\/kontakt\/","og_site_name":"TLS Anilox","article_modified_time":"2025-04-23T07:42:32+00:00","twitter_card":"summary_large_image","twitter_misc":{"Est. reading time":"3 minutes"},"schema":{"@context":"https:\/\/schema.org","@graph":[{"@type":"WebPage","@id":"https:\/\/www.tlsanilox.com\/de\/kontakt\/","url":"https:\/\/www.tlsanilox.com\/de\/kontakt\/","name":"Kontakt - TLS Anilox","isPartOf":{"@id":"https:\/\/new.tlsanilox.com\/de\/#website"},"datePublished":"2016-08-31T10:07:27+00:00","dateModified":"2025-04-23T07:42:32+00:00","description":"Der Gesch\u00e4ftsf\u00fchrer der TLS Anilox ist Wolfram Unterberg.","breadcrumb":{"@id":"https:\/\/www.tlsanilox.com\/de\/kontakt\/#breadcrumb"},"inLanguage":"de-DE","potentialAction":[{"@type":"ReadAction","target":["https:\/\/www.tlsanilox.com\/de\/kontakt\/"]}]},{"@type":"BreadcrumbList","@id":"https:\/\/www.tlsanilox.com\/de\/kontakt\/#breadcrumb","itemListElement":[{"@type":"ListItem","position":1,"name":"Home","item":"https:\/\/www.tlsanilox.com\/de\/"},{"@type":"ListItem","position":2,"name":"Kontakt"}]},{"@type":"WebSite","@id":"https:\/\/new.tlsanilox.com\/de\/#website","url":"https:\/\/new.tlsanilox.com\/de\/","name":"TLS Anilox","description":"Improvement of printing quality","potentialAction":[{"@type":"SearchAction","target":{"@type":"EntryPoint","urlTemplate":"https:\/\/new.tlsanilox.com\/de\/?s={search_term_string}"},"query-input":"required name=search_term_string"}],"inLanguage":"de-DE"}]}},"_links":{"self":[{"href":"https:\/\/www.tlsanilox.com\/de\/wp-json\/wp\/v2\/pages\/3210"}],"collection":[{"href":"https:\/\/www.tlsanilox.com\/de\/wp-json\/wp\/v2\/pages"}],"about":[{"href":"https:\/\/www.tlsanilox.com\/de\/wp-json\/wp\/v2\/types\/page"}],"author":[{"embeddable":true,"href":"https:\/\/www.tlsanilox.com\/de\/wp-json\/wp\/v2\/users\/1"}],"replies":[{"embeddable":true,"href":"https:\/\/www.tlsanilox.com\/de\/wp-json\/wp\/v2\/comments?post=3210"}],"version-history":[{"count":75,"href":"https:\/\/www.tlsanilox.com\/de\/wp-json\/wp\/v2\/pages\/3210\/revisions"}],"predecessor-version":[{"id":6536,"href":"https:\/\/www.tlsanilox.com\/de\/wp-json\/wp\/v2\/pages\/3210\/revisions\/6536"}],"wp:attachment":[{"href":"https:\/\/www.tlsanilox.com\/de\/wp-json\/wp\/v2\/media?parent=3210"}],"curies":[{"name":"wp","href":"https:\/\/api.w.org\/{rel}","templated":true}]}}