{"id":2464,"date":"2016-08-25T09:55:51","date_gmt":"2016-08-25T09:55:51","guid":{"rendered":"http:\/\/tls2016.yabo-sites.loc\/de\/?page_id=2464"},"modified":"2025-01-31T10:30:55","modified_gmt":"2025-01-31T10:30:55","slug":"agenten","status":"publish","type":"page","link":"https:\/\/www.tlsanilox.com\/de\/agenten\/","title":{"rendered":"Agenten"},"content":{"rendered":"<p>[vc_row][vc_column]<div class='tls_box_highlight_text'><p>TLS ist in folgenden L\u00e4ndern durch qualifizierte Agenten vertreten. Sie kennen die Flexo-Prozesse gut, und k\u00f6nnen Ihnen technische Empfehlungen geben. F\u00fcr weitere L\u00e4nder wenden Sie sich bitte direkt an TLS.<\/p>\n<\/div>[\/vc_column][\/vc_row][vc_row][vc_column][vc_row_inner el_class=&#8220;silver agents&#8220;][vc_column_inner width=&#8220;1\/2&#8243;][vc_column_text]<\/p>\n<h3>Benelux<\/h3>\n<h4>Packtion B.V.<\/h4>\n<p>Maarten van Bergeijk<br \/>\nKleine Fluitersweg 100<br \/>\nNL7316 MX Apeldoorn<\/p>\n<p><span class='glyphicon glyphicon-phone-alt'><\/span> +31 555 344 146<br \/>\n<span class='glyphicon glyphicon-print'><\/span> +31 (0) 55 53 49 298<\/p>\n<p><span class='glyphicon glyphicon-envelope'><\/span> <a href=\"mailto:info@packtion.com\">info@packtion.com<\/a><br \/>\n<span class='glyphicon glyphicon-globe'><\/span> <a href=\"http:\/\/www.packtion.com\" rel=\"external\">www.packtion.com<\/a>[\/vc_column_text][vc_separator][vc_column_text]<\/p>\n<h3>Deutschland und \u00d6sterreich<\/h3>\n<h4>Dortschy GmbH &amp; Co. KG<\/h4>\n<p>Windelsbleicher Strasse 15<br \/>\n33647 Bielefeld<\/p>\n<p><span class='glyphicon glyphicon-phone-alt'><\/span> +49 (0521) 94267 27<br \/>\n<span class='glyphicon glyphicon-print'><\/span> +49 (0521) 94267 66<br \/>\n<span class='glyphicon glyphicon-phone'><\/span> +49 (0)163 594 26 77<\/p>\n<p><span class='glyphicon glyphicon-envelope'><\/span> <a href=\"mailto:thorsten.fuest@dortschy.de\">thorsten.fuest@dortschy.de<\/a><br \/>\n<span class='glyphicon glyphicon-globe'><\/span> <a title=\"www.dortschy.de\" href=\"https:\/\/www.dortschy.de\" rel=\"external\">www.dortschy.de<\/a>[\/vc_column_text][vc_separator][vc_column_text]<\/p>\n<h3>Frankreich<\/h3>\n<h4>OS GRAPHICS<\/h4>\n<p>S\u00e9bastien Falzone<br \/>\n1 B, Rue du Moine<br \/>\nF-57365 Chailly-l\u00e8s-Ennery<\/p>\n<p><span class='glyphicon glyphicon-phone-alt'><\/span> +33 7 72 18 99 27<br \/>\n<span class='glyphicon glyphicon-globe'><\/span> <a href=\"http:\/\/www.os-graphics.com\" rel=\"external\">www.os-graphics.com<\/a>[\/vc_column_text][vc_separator][vc_column_text]<\/p>\n<h3>Italien<\/h3>\n<h4>NEOGRAFA Italia S.r.l.<\/h4>\n<p>Massimo Cattaneo<br \/>\nVia 4 Novembre, 15<br \/>\nI 22070 Bulgarograsso (CO)<\/p>\n<p><span class='glyphicon glyphicon-phone'><\/span> +39 031 891480<br \/>\n<span class='glyphicon glyphicon-envelope'><\/span> <a href=\"mailto:info@neografaitalia.com\">info@neografaitalia.com<\/a><\/p>\n<p><span class='glyphicon glyphicon-globe'><\/span> <a title=\"www.neografa.com\" href=\"https:\/\/www.neografa.com\" rel=\"external\">www.neografa.com<\/a>[\/vc_column_text][vc_separator][vc_column_text]<\/p>\n<h3>Litauen, Estland, Lettland<\/h3>\n<h4>UAB \u201eAir Idea\u201c <a href=\"https:\/\/www.airidea.lt\"><img decoding=\"async\" class=\"alignright\" style=\"width: 80px; height: 80px;\" src=\"https:\/\/www.tlsanilox.com\/app\/uploads\/2025\/01\/new_idea-150x150.png\" alt=\"UAB \u201eAir Idea\" \/><\/a><\/h4>\n<p>Rolandas Barkauskas<br \/>\nM. K. Paco g. 4,<br \/>\n10309 Vilnius<br \/>\nLithuania<\/p>\n<p><span class='glyphicon glyphicon-phone'><\/span> +370 659 26627<br \/>\n<span class='glyphicon glyphicon-envelope'><\/span> <a href=\"mailto:r.barkauskas@airidea.lt\">r.barkauskas@airidea.lt<\/a>[\/vc_column_text][\/vc_column_inner][vc_column_inner width=&#8220;1\/2&#8243;][vc_column_text]<\/p>\n<h3>Rum\u00e4nien<\/h3>\n<h4>PRICON GRAPHICS SRL<\/h4>\n<p>Str.Heliade intre Vii nr.8<br \/>\n023383 &#8211; Sector 2 Bucuresti<\/p>\n<p><span class='glyphicon glyphicon-phone-alt'><\/span> + 4031 425 51 92<br \/>\n<span class='glyphicon glyphicon-phone'><\/span> + 40 725 062 339<\/p>\n<p><span class='glyphicon glyphicon-envelope'><\/span> <a href=\"mailto:eusebiu@pricon.ro\">eusebiu@pricon.ro<\/a><br \/>\n<span class='glyphicon glyphicon-globe'><\/span> <a title=\"pricon.ro\" href=\"https:\/\/pricon.ro\" rel=\"external\">pricon.ro<\/a><\/p>\n<p>[\/vc_column_text][vc_separator][vc_column_text]<\/p>\n<h3>Slowakei<\/h3>\n<h4>PANFLEX \u2013 SLOVENSKO, s.r.o.<\/h4>\n<p>Vr\u00e1di\u0161te \u010d. 53<br \/>\n908 49 Vr\u00e1di\u0161te<\/p>\n<p><span class='glyphicon glyphicon-phone-alt'><\/span> +421 911 575 035<\/p>\n<p><span class='glyphicon glyphicon-envelope'><\/span> <a href=\"mailto:sales@panflex.sk\">sales@panflex.sk<\/a><br \/>\n<span class='glyphicon glyphicon-globe'><\/span> <a title=\"panflex.sk\/polygrafia\/\" href=\"https:\/\/panflex.sk\/polygrafia\/\" rel=\"external\">panflex.sk\/polygrafia\/<\/a><\/p>\n<p>[\/vc_column_text][vc_separator][vc_column_text]<\/p>\n<h3>Spanien<\/h3>\n<h4>lr flexo s.l.<\/h4>\n<p>Mr. Llu\u00eds Rebled Sarr\u00e0<br \/>\nC\/ Balmes 191, 7\u00ba 1\u00aa<br \/>\n08006 Barcelona, Spain<\/p>\n<p><span class='glyphicon glyphicon-phone-alt'><\/span> +34 93 268 78 16<br \/>\n<span class='glyphicon glyphicon-envelope'><\/span> <a href=\"l.rebled@me.com\">l.rebled@me.com<\/a>[\/vc_column_text][vc_separator][vc_column_text]<\/p>\n<h3>Slowenien \/ Kroatien \/ Serbien \/ Bosnien \/ Herzegowina \/ Mazedonien \/ Montenegro<\/h3>\n<h4><\/h4>\n<h4>Agent gesucht !!<\/h4>\n<p>[\/vc_column_text][vc_separator][vc_column_text]<\/p>\n<h3>Tschechien<\/h3>\n<h4>PANFLEX, s.r.o.<\/h4>\n<p>Ve Velazu 277<br \/>\n252 62 Statenice \u2013 \u010cern\u00fd V\u016fl<\/p>\n<p><span class='glyphicon glyphicon-phone-alt'><\/span> +420 220 190 001<\/p>\n<p><span class='glyphicon glyphicon-envelope'><\/span> <a href=\"mailto:info@panflex.cz\">info@panflex.cz<\/a><br \/>\n<span class='glyphicon glyphicon-globe'><\/span> <a title=\"www.panflex.cz\/\" href=\"https:\/\/www.panflex.cz\/\" rel=\"external\">www.panflex.cz\/<\/a><\/p>\n<p>[\/vc_column_text][vc_separator][vc_column_text]<\/p>\n<h3>T\u00fcrkei<\/h3>\n<p>SAF Flexo&amp;Roto<br \/>\n\u0130smet Kaptan Mah.Gazi Osman Pa\u015fa Bulv.No 7<br \/>\nHilton Center<br \/>\nZ-62 \u00c7ankaya-\u0130ZM\u0130R<\/p>\n<p><span class='glyphicon glyphicon-phone'><\/span> Emre DABBAG : +90.532 764 57 20<br \/>\n<span class='glyphicon glyphicon-phone'><\/span> David Davut ESK\u0130NAZ\u0130 :+90.532 394 58 58<\/p>\n<p>[\/vc_column_text][\/vc_column_inner][\/vc_row_inner][\/vc_column][\/vc_row]<\/p>\n","protected":false},"excerpt":{"rendered":"<p>[vc_row][vc_column][\/vc_column][\/vc_row][vc_row][vc_column][vc_row_inner el_class=&#8220;silver agents&#8220;][vc_column_inner width=&#8220;1\/2&#8243;][vc_column_text] Benelux Packtion B.V. Maarten van Bergeijk Kleine Fluitersweg 100 NL7316 MX Apeldoorn +31 555 344 146 +31 (0) 55 53 49 298 info@packtion.com www.packtion.com[\/vc_column_text][vc_separator][vc_column_text] Deutschland und \u00d6sterreich Dortschy GmbH &amp; Co. KG Windelsbleicher Strasse 15 33647 Bielefeld +49 (0521) 94267 27 +49 (0521) 94267 66 +49 (0)163 594 26 77 thorsten.fuest@dortschy.de &hellip; <a href=\"https:\/\/www.tlsanilox.com\/de\/agenten\/\">Weiterlesen<\/a><\/p>\n","protected":false},"author":1,"featured_media":6380,"parent":0,"menu_order":42,"comment_status":"closed","ping_status":"closed","template":"template-anilox.php","meta":[],"acf":[],"yoast_head":"<!-- This site is optimized with the Yoast SEO plugin v19.11 - https:\/\/yoast.com\/wordpress\/plugins\/seo\/ -->\n<title>Agenten - TLS Anilox<\/title>\n<meta name=\"description\" content=\"TLS ist in folgenden L\u00e4ndern durch qualifizierte Agenten vertreten. Sie kennen die Flexo-Prozesse gut, und k\u00f6nnen Ihnen technische Empfehlungen geben.\" \/>\n<meta name=\"robots\" content=\"index, follow, max-snippet:-1, max-image-preview:large, max-video-preview:-1\" \/>\n<link rel=\"canonical\" href=\"https:\/\/www.tlsanilox.com\/de\/agenten\/\" \/>\n<meta property=\"og:locale\" content=\"de_DE\" \/>\n<meta property=\"og:type\" content=\"article\" \/>\n<meta property=\"og:title\" content=\"Agenten - TLS Anilox\" \/>\n<meta property=\"og:description\" content=\"TLS ist in folgenden L\u00e4ndern durch qualifizierte Agenten vertreten. Sie kennen die Flexo-Prozesse gut, und k\u00f6nnen Ihnen technische Empfehlungen geben.\" \/>\n<meta property=\"og:url\" content=\"https:\/\/www.tlsanilox.com\/de\/agenten\/\" \/>\n<meta property=\"og:site_name\" content=\"TLS Anilox\" \/>\n<meta property=\"article:modified_time\" content=\"2025-01-31T10:30:55+00:00\" \/>\n<meta property=\"og:image\" content=\"https:\/\/www.tlsanilox.com\/app\/uploads\/2022\/11\/lipnus-logo_small.png\" \/>\n\t<meta property=\"og:image:width\" content=\"150\" \/>\n\t<meta property=\"og:image:height\" content=\"155\" \/>\n\t<meta property=\"og:image:type\" content=\"image\/png\" \/>\n<meta name=\"twitter:card\" content=\"summary_large_image\" \/>\n<meta name=\"twitter:label1\" content=\"Est. reading time\" \/>\n\t<meta name=\"twitter:data1\" content=\"3 minutes\" \/>\n<script type=\"application\/ld+json\" class=\"yoast-schema-graph\">{\"@context\":\"https:\/\/schema.org\",\"@graph\":[{\"@type\":\"WebPage\",\"@id\":\"https:\/\/www.tlsanilox.com\/de\/agenten\/\",\"url\":\"https:\/\/www.tlsanilox.com\/de\/agenten\/\",\"name\":\"Agenten - TLS Anilox\",\"isPartOf\":{\"@id\":\"https:\/\/new.tlsanilox.com\/de\/#website\"},\"datePublished\":\"2016-08-25T09:55:51+00:00\",\"dateModified\":\"2025-01-31T10:30:55+00:00\",\"description\":\"TLS ist in folgenden L\u00e4ndern durch qualifizierte Agenten vertreten. Sie kennen die Flexo-Prozesse gut, und k\u00f6nnen Ihnen technische Empfehlungen geben.\",\"breadcrumb\":{\"@id\":\"https:\/\/www.tlsanilox.com\/de\/agenten\/#breadcrumb\"},\"inLanguage\":\"de-DE\",\"potentialAction\":[{\"@type\":\"ReadAction\",\"target\":[\"https:\/\/www.tlsanilox.com\/de\/agenten\/\"]}]},{\"@type\":\"BreadcrumbList\",\"@id\":\"https:\/\/www.tlsanilox.com\/de\/agenten\/#breadcrumb\",\"itemListElement\":[{\"@type\":\"ListItem\",\"position\":1,\"name\":\"Home\",\"item\":\"https:\/\/www.tlsanilox.com\/de\/\"},{\"@type\":\"ListItem\",\"position\":2,\"name\":\"Agenten\"}]},{\"@type\":\"WebSite\",\"@id\":\"https:\/\/new.tlsanilox.com\/de\/#website\",\"url\":\"https:\/\/new.tlsanilox.com\/de\/\",\"name\":\"TLS Anilox\",\"description\":\"Improvement of printing quality\",\"potentialAction\":[{\"@type\":\"SearchAction\",\"target\":{\"@type\":\"EntryPoint\",\"urlTemplate\":\"https:\/\/new.tlsanilox.com\/de\/?s={search_term_string}\"},\"query-input\":\"required name=search_term_string\"}],\"inLanguage\":\"de-DE\"}]}<\/script>\n<!-- \/ Yoast SEO plugin. -->","yoast_head_json":{"title":"Agenten - TLS Anilox","description":"TLS ist in folgenden L\u00e4ndern durch qualifizierte Agenten vertreten. Sie kennen die Flexo-Prozesse gut, und k\u00f6nnen Ihnen technische Empfehlungen geben.","robots":{"index":"index","follow":"follow","max-snippet":"max-snippet:-1","max-image-preview":"max-image-preview:large","max-video-preview":"max-video-preview:-1"},"canonical":"https:\/\/www.tlsanilox.com\/de\/agenten\/","og_locale":"de_DE","og_type":"article","og_title":"Agenten - TLS Anilox","og_description":"TLS ist in folgenden L\u00e4ndern durch qualifizierte Agenten vertreten. Sie kennen die Flexo-Prozesse gut, und k\u00f6nnen Ihnen technische Empfehlungen geben.","og_url":"https:\/\/www.tlsanilox.com\/de\/agenten\/","og_site_name":"TLS Anilox","article_modified_time":"2025-01-31T10:30:55+00:00","og_image":[{"width":150,"height":155,"url":"https:\/\/www.tlsanilox.com\/app\/uploads\/2022\/11\/lipnus-logo_small.png","type":"image\/png"}],"twitter_card":"summary_large_image","twitter_misc":{"Est. reading time":"3 minutes"},"schema":{"@context":"https:\/\/schema.org","@graph":[{"@type":"WebPage","@id":"https:\/\/www.tlsanilox.com\/de\/agenten\/","url":"https:\/\/www.tlsanilox.com\/de\/agenten\/","name":"Agenten - TLS Anilox","isPartOf":{"@id":"https:\/\/new.tlsanilox.com\/de\/#website"},"datePublished":"2016-08-25T09:55:51+00:00","dateModified":"2025-01-31T10:30:55+00:00","description":"TLS ist in folgenden L\u00e4ndern durch qualifizierte Agenten vertreten. Sie kennen die Flexo-Prozesse gut, und k\u00f6nnen Ihnen technische Empfehlungen geben.","breadcrumb":{"@id":"https:\/\/www.tlsanilox.com\/de\/agenten\/#breadcrumb"},"inLanguage":"de-DE","potentialAction":[{"@type":"ReadAction","target":["https:\/\/www.tlsanilox.com\/de\/agenten\/"]}]},{"@type":"BreadcrumbList","@id":"https:\/\/www.tlsanilox.com\/de\/agenten\/#breadcrumb","itemListElement":[{"@type":"ListItem","position":1,"name":"Home","item":"https:\/\/www.tlsanilox.com\/de\/"},{"@type":"ListItem","position":2,"name":"Agenten"}]},{"@type":"WebSite","@id":"https:\/\/new.tlsanilox.com\/de\/#website","url":"https:\/\/new.tlsanilox.com\/de\/","name":"TLS Anilox","description":"Improvement of printing quality","potentialAction":[{"@type":"SearchAction","target":{"@type":"EntryPoint","urlTemplate":"https:\/\/new.tlsanilox.com\/de\/?s={search_term_string}"},"query-input":"required name=search_term_string"}],"inLanguage":"de-DE"}]}},"_links":{"self":[{"href":"https:\/\/www.tlsanilox.com\/de\/wp-json\/wp\/v2\/pages\/2464"}],"collection":[{"href":"https:\/\/www.tlsanilox.com\/de\/wp-json\/wp\/v2\/pages"}],"about":[{"href":"https:\/\/www.tlsanilox.com\/de\/wp-json\/wp\/v2\/types\/page"}],"author":[{"embeddable":true,"href":"https:\/\/www.tlsanilox.com\/de\/wp-json\/wp\/v2\/users\/1"}],"replies":[{"embeddable":true,"href":"https:\/\/www.tlsanilox.com\/de\/wp-json\/wp\/v2\/comments?post=2464"}],"version-history":[{"count":47,"href":"https:\/\/www.tlsanilox.com\/de\/wp-json\/wp\/v2\/pages\/2464\/revisions"}],"predecessor-version":[{"id":3999,"href":"https:\/\/www.tlsanilox.com\/de\/wp-json\/wp\/v2\/pages\/2464\/revisions\/3999"}],"wp:featuredmedia":[{"embeddable":true,"href":"https:\/\/www.tlsanilox.com\/de\/wp-json\/wp\/v2\/media\/6380"}],"wp:attachment":[{"href":"https:\/\/www.tlsanilox.com\/de\/wp-json\/wp\/v2\/media?parent=2464"}],"curies":[{"name":"wp","href":"https:\/\/api.w.org\/{rel}","templated":true}]}}