{"id":2460,"date":"2016-08-25T09:54:39","date_gmt":"2016-08-25T09:54:39","guid":{"rendered":"http:\/\/tls2016.yabo-sites.loc\/de\/?page_id=2460"},"modified":"2018-01-23T15:01:27","modified_gmt":"2018-01-23T15:01:27","slug":"reinigung","status":"publish","type":"page","link":"https:\/\/www.tlsanilox.com\/de\/anwendungen\/reinigung\/","title":{"rendered":"Reinigung"},"content":{"rendered":"<p>[vc_row][vc_column][vc_single_image image=&#8220;2952&#8243; img_size=&#8220;full&#8220;][vc_column_text]Die Reinigung der Rasterwalzen ist f\u00fcr jede Druckerei eine Herausforderung. Alle Reinigungsverfahren stellen eine mehr oder minder starke Belastung f\u00fcr die Gravur und Oberfl\u00e4che der Rasterwalze dar. Die Standzeit der Rasterwalze kann hiermit stark beeinflusst werden.[\/vc_column_text][\/vc_column][\/vc_row][vc_row][vc_column width=&#8220;1\/2&#8243;][vc_column_text]<\/p>\n<h4>Unsere Empfehlungen<\/h4>\n<ul>\n<li>Reinigen Sie regelm\u00e4\u00dfig und so schnell wie m\u00f6glich nach jedem Druckjob.<\/li>\n<li>Je weniger Farbe eingetrocknet ist, desto leichter l\u00e4sst sie sich anl\u00f6sen und entfernen.<\/li>\n<li>Achten Sie darauf, dass nach der Reinigung keine Nasen und Tropfen auf der Oberfl\u00e4che verbleiben. Diese trocknen wieder ein und sind dann noch schwerer zu entfernen.<\/li>\n<li>Die chemische Reinigung z\u00e4hlt zu den schonenden Verfahren, aber auch hier ist Vorsicht geboten. Einige Produkte erreichen PH-Werte \u00fcber 13. Lange Einwirkzeiten mit sehr aggressiven Produkten stellen daher ein hohes Risiko dar.<\/li>\n<\/ul>\n<p>[\/vc_column_text][\/vc_column][vc_column width=&#8220;1\/2&#8243;][vc_column_text]<\/p>\n<h4>Ihr Handling<\/h4>\n<ul>\n<li>Vermeiden Sie Schl\u00e4ge oder St\u00f6\u00dfe auf die keramische Oberfl\u00e4che.<\/li>\n<li>Sch\u00fctzen Sie die Oberfl\u00e4che der Walzen und Sleeves beim Ein- und Ausbau.<\/li>\n<li>Decken Sie die Oberfl\u00e4che w\u00e4hrend der Lagerung der Walzen ab.<\/li>\n<li>Halten Sie die Keramik frei von Fetten und \u00d6len.<\/li>\n<\/ul>\n<p>[\/vc_column_text][\/vc_column][\/vc_row]<\/p>\n","protected":false},"excerpt":{"rendered":"<p>[vc_row][vc_column][vc_single_image image=&#8220;2952&#8243; img_size=&#8220;full&#8220;][vc_column_text]Die Reinigung der Rasterwalzen ist f\u00fcr jede Druckerei eine Herausforderung. Alle Reinigungsverfahren stellen eine mehr oder minder starke Belastung f\u00fcr die Gravur und Oberfl\u00e4che der Rasterwalze dar. Die Standzeit der Rasterwalze kann hiermit stark beeinflusst werden.[\/vc_column_text][\/vc_column][\/vc_row][vc_row][vc_column width=&#8220;1\/2&#8243;][vc_column_text] Unsere Empfehlungen Reinigen Sie regelm\u00e4\u00dfig und so schnell wie m\u00f6glich nach jedem Druckjob. Je weniger Farbe &hellip; <a href=\"https:\/\/www.tlsanilox.com\/de\/anwendungen\/reinigung\/\">Weiterlesen<\/a><\/p>\n","protected":false},"author":1,"featured_media":0,"parent":2450,"menu_order":9,"comment_status":"closed","ping_status":"closed","template":"template-anilox.php","meta":[],"acf":[],"yoast_head":"<!-- This site is optimized with the Yoast SEO plugin v19.11 - https:\/\/yoast.com\/wordpress\/plugins\/seo\/ -->\n<title>Reinigung - TLS Anilox<\/title>\n<meta name=\"description\" content=\"Die Reinigung der Rasterwalzen ist f\u00fcr jede Druckerei eine Herausforderung. Alle Reinigungsverfahren stellen eine mehr oder minder starke Belastung f\u00fcr die Gravur und Oberfl\u00e4che der Rasterwalze dar. Die Standzeit der Rasterwalze kann hiermit stark beeinflusst werden.\" \/>\n<meta name=\"robots\" content=\"index, follow, max-snippet:-1, max-image-preview:large, max-video-preview:-1\" \/>\n<link rel=\"canonical\" href=\"https:\/\/new.tlsanilox.com\/de\/anwendungen\/reinigung\/\" \/>\n<meta property=\"og:locale\" content=\"de_DE\" \/>\n<meta property=\"og:type\" content=\"article\" \/>\n<meta property=\"og:title\" content=\"Reinigung - TLS Anilox\" \/>\n<meta property=\"og:description\" content=\"Die Reinigung der Rasterwalzen ist f\u00fcr jede Druckerei eine Herausforderung. Alle Reinigungsverfahren stellen eine mehr oder minder starke Belastung f\u00fcr die Gravur und Oberfl\u00e4che der Rasterwalze dar. Die Standzeit der Rasterwalze kann hiermit stark beeinflusst werden.\" \/>\n<meta property=\"og:url\" content=\"https:\/\/new.tlsanilox.com\/de\/anwendungen\/reinigung\/\" \/>\n<meta property=\"og:site_name\" content=\"TLS Anilox\" \/>\n<meta property=\"article:modified_time\" content=\"2018-01-23T15:01:27+00:00\" \/>\n<meta name=\"twitter:card\" content=\"summary_large_image\" \/>\n<meta name=\"twitter:label1\" content=\"Est. reading time\" \/>\n\t<meta name=\"twitter:data1\" content=\"1 minute\" \/>\n<script type=\"application\/ld+json\" class=\"yoast-schema-graph\">{\"@context\":\"https:\/\/schema.org\",\"@graph\":[{\"@type\":\"WebPage\",\"@id\":\"https:\/\/new.tlsanilox.com\/de\/anwendungen\/reinigung\/\",\"url\":\"https:\/\/new.tlsanilox.com\/de\/anwendungen\/reinigung\/\",\"name\":\"Reinigung - TLS Anilox\",\"isPartOf\":{\"@id\":\"https:\/\/new.tlsanilox.com\/de\/#website\"},\"datePublished\":\"2016-08-25T09:54:39+00:00\",\"dateModified\":\"2018-01-23T15:01:27+00:00\",\"description\":\"Die Reinigung der Rasterwalzen ist f\u00fcr jede Druckerei eine Herausforderung. Alle Reinigungsverfahren stellen eine mehr oder minder starke Belastung f\u00fcr die Gravur und Oberfl\u00e4che der Rasterwalze dar. Die Standzeit der Rasterwalze kann hiermit stark beeinflusst werden.\",\"breadcrumb\":{\"@id\":\"https:\/\/new.tlsanilox.com\/de\/anwendungen\/reinigung\/#breadcrumb\"},\"inLanguage\":\"de-DE\",\"potentialAction\":[{\"@type\":\"ReadAction\",\"target\":[\"https:\/\/new.tlsanilox.com\/de\/anwendungen\/reinigung\/\"]}]},{\"@type\":\"BreadcrumbList\",\"@id\":\"https:\/\/new.tlsanilox.com\/de\/anwendungen\/reinigung\/#breadcrumb\",\"itemListElement\":[{\"@type\":\"ListItem\",\"position\":1,\"name\":\"Home\",\"item\":\"https:\/\/www.tlsanilox.com\/de\/\"},{\"@type\":\"ListItem\",\"position\":2,\"name\":\"Anwendungen\",\"item\":\"https:\/\/new.tlsanilox.com\/de\/anwendungen\/\"},{\"@type\":\"ListItem\",\"position\":3,\"name\":\"Reinigung\"}]},{\"@type\":\"WebSite\",\"@id\":\"https:\/\/new.tlsanilox.com\/de\/#website\",\"url\":\"https:\/\/new.tlsanilox.com\/de\/\",\"name\":\"TLS Anilox\",\"description\":\"Improvement of printing quality\",\"potentialAction\":[{\"@type\":\"SearchAction\",\"target\":{\"@type\":\"EntryPoint\",\"urlTemplate\":\"https:\/\/new.tlsanilox.com\/de\/?s={search_term_string}\"},\"query-input\":\"required name=search_term_string\"}],\"inLanguage\":\"de-DE\"}]}<\/script>\n<!-- \/ Yoast SEO plugin. -->","yoast_head_json":{"title":"Reinigung - TLS Anilox","description":"Die Reinigung der Rasterwalzen ist f\u00fcr jede Druckerei eine Herausforderung. Alle Reinigungsverfahren stellen eine mehr oder minder starke Belastung f\u00fcr die Gravur und Oberfl\u00e4che der Rasterwalze dar. Die Standzeit der Rasterwalze kann hiermit stark beeinflusst werden.","robots":{"index":"index","follow":"follow","max-snippet":"max-snippet:-1","max-image-preview":"max-image-preview:large","max-video-preview":"max-video-preview:-1"},"canonical":"https:\/\/new.tlsanilox.com\/de\/anwendungen\/reinigung\/","og_locale":"de_DE","og_type":"article","og_title":"Reinigung - TLS Anilox","og_description":"Die Reinigung der Rasterwalzen ist f\u00fcr jede Druckerei eine Herausforderung. Alle Reinigungsverfahren stellen eine mehr oder minder starke Belastung f\u00fcr die Gravur und Oberfl\u00e4che der Rasterwalze dar. Die Standzeit der Rasterwalze kann hiermit stark beeinflusst werden.","og_url":"https:\/\/new.tlsanilox.com\/de\/anwendungen\/reinigung\/","og_site_name":"TLS Anilox","article_modified_time":"2018-01-23T15:01:27+00:00","twitter_card":"summary_large_image","twitter_misc":{"Est. reading time":"1 minute"},"schema":{"@context":"https:\/\/schema.org","@graph":[{"@type":"WebPage","@id":"https:\/\/new.tlsanilox.com\/de\/anwendungen\/reinigung\/","url":"https:\/\/new.tlsanilox.com\/de\/anwendungen\/reinigung\/","name":"Reinigung - TLS Anilox","isPartOf":{"@id":"https:\/\/new.tlsanilox.com\/de\/#website"},"datePublished":"2016-08-25T09:54:39+00:00","dateModified":"2018-01-23T15:01:27+00:00","description":"Die Reinigung der Rasterwalzen ist f\u00fcr jede Druckerei eine Herausforderung. Alle Reinigungsverfahren stellen eine mehr oder minder starke Belastung f\u00fcr die Gravur und Oberfl\u00e4che der Rasterwalze dar. Die Standzeit der Rasterwalze kann hiermit stark beeinflusst werden.","breadcrumb":{"@id":"https:\/\/new.tlsanilox.com\/de\/anwendungen\/reinigung\/#breadcrumb"},"inLanguage":"de-DE","potentialAction":[{"@type":"ReadAction","target":["https:\/\/new.tlsanilox.com\/de\/anwendungen\/reinigung\/"]}]},{"@type":"BreadcrumbList","@id":"https:\/\/new.tlsanilox.com\/de\/anwendungen\/reinigung\/#breadcrumb","itemListElement":[{"@type":"ListItem","position":1,"name":"Home","item":"https:\/\/www.tlsanilox.com\/de\/"},{"@type":"ListItem","position":2,"name":"Anwendungen","item":"https:\/\/new.tlsanilox.com\/de\/anwendungen\/"},{"@type":"ListItem","position":3,"name":"Reinigung"}]},{"@type":"WebSite","@id":"https:\/\/new.tlsanilox.com\/de\/#website","url":"https:\/\/new.tlsanilox.com\/de\/","name":"TLS Anilox","description":"Improvement of printing quality","potentialAction":[{"@type":"SearchAction","target":{"@type":"EntryPoint","urlTemplate":"https:\/\/new.tlsanilox.com\/de\/?s={search_term_string}"},"query-input":"required name=search_term_string"}],"inLanguage":"de-DE"}]}},"_links":{"self":[{"href":"https:\/\/www.tlsanilox.com\/de\/wp-json\/wp\/v2\/pages\/2460"}],"collection":[{"href":"https:\/\/www.tlsanilox.com\/de\/wp-json\/wp\/v2\/pages"}],"about":[{"href":"https:\/\/www.tlsanilox.com\/de\/wp-json\/wp\/v2\/types\/page"}],"author":[{"embeddable":true,"href":"https:\/\/www.tlsanilox.com\/de\/wp-json\/wp\/v2\/users\/1"}],"replies":[{"embeddable":true,"href":"https:\/\/www.tlsanilox.com\/de\/wp-json\/wp\/v2\/comments?post=2460"}],"version-history":[{"count":7,"href":"https:\/\/www.tlsanilox.com\/de\/wp-json\/wp\/v2\/pages\/2460\/revisions"}],"predecessor-version":[{"id":5528,"href":"https:\/\/www.tlsanilox.com\/de\/wp-json\/wp\/v2\/pages\/2460\/revisions\/5528"}],"up":[{"embeddable":true,"href":"https:\/\/www.tlsanilox.com\/de\/wp-json\/wp\/v2\/pages\/2450"}],"wp:attachment":[{"href":"https:\/\/www.tlsanilox.com\/de\/wp-json\/wp\/v2\/media?parent=2460"}],"curies":[{"name":"wp","href":"https:\/\/api.w.org\/{rel}","templated":true}]}}