{"id":2458,"date":"2016-08-25T09:54:09","date_gmt":"2016-08-25T09:54:09","guid":{"rendered":"http:\/\/tls2016.yabo-sites.loc\/de\/?page_id=2458"},"modified":"2018-01-23T15:00:06","modified_gmt":"2018-01-23T15:00:06","slug":"lasergravur","status":"publish","type":"page","link":"https:\/\/www.tlsanilox.com\/de\/anwendungen\/lasergravur\/","title":{"rendered":"Lasergravur"},"content":{"rendered":"<p>[vc_row][vc_column width=&#8220;1\/3&#8243;][vc_single_image image=&#8220;2908&#8243; img_size=&#8220;one-third&#8220; css=&#8220;.vc_custom_1472505658987{padding-top: 20px !important;}&#8220;][\/vc_column][vc_column width=&#8220;2\/3&#8243;]<div class='tls_box_highlight_text'><p>TLS Anilox bietet unterschiedlichste Lasergravuren an. Verschiedene Gravurprofile wurden und werden entwickelt, um selbst die anspruchsvollsten Anforderungen des modernen Flexodrucks zu erf\u00fcllen. Mit Hilfe unterschiedlichster Gravurgeometrien k\u00f6nnen die jeweiligen Auftragsvolumen optimiert werden.<\/p>\n<\/div>[\/vc_column][\/vc_row][vc_row][vc_column][vc_separator css=&#8220;.vc_custom_1472502107654{padding-top: 20px !important;padding-bottom: 20px !important;}&#8220;]<div class='tls_big_title normal' ><h2 class='normal'><p>TLS Anilox Standardgravur TeroMin<\/p>\n<\/h2><\/div>[\/vc_column][\/vc_row][vc_row][vc_column width=&#8220;1\/4&#8243;][vc_single_image image=&#8220;2947&#8243; img_size=&#8220;one-fourth&#8220;][\/vc_column][vc_column width=&#8220;1\/2&#8243;][vc_column_text]Die \u201eTeroMin\u201c ist ein bew\u00e4hrter TLS Anilox Standard im Flexodruckverfahren und lehnt sich an die hexagonale Wabenstruktur an. Die optimal ausgeformten N\u00e4pfchen in U-Form haben einen gro\u00dfen Einfluss auf Homogenit\u00e4t, Detailtreue und Zielgewicht.<\/p>\n<p>Sie erm\u00f6glichen eine optimale Farbabgabe und verbessern die Reinigungseigenschaften. Durch entsprechende Dokumentationen garantieren wir Ihnen die Reproduzierbarkeit Ihrer Druckergebnisse.[\/vc_column_text][\/vc_column][vc_column width=&#8220;1\/4&#8243;][vc_column_text el_class=&#8220;highlight green&#8220;]<\/p>\n<h4>Ihre Vorteile<\/h4>\n<ul>\n<li>reproduzierbare Lasergravur<\/li>\n<li>geringe Volumenabweichung<\/li>\n<li>effektive Farbabgabe sorgt f\u00fcr homogene Oberfl\u00e4chen<\/li>\n<li>optimales Napf-Steg-Verh\u00e4ltnis<\/li>\n<li>keine Moir\u00e9bildung<\/li>\n<\/ul>\n<p>[\/vc_column_text][\/vc_column][\/vc_row]<\/p>\n","protected":false},"excerpt":{"rendered":"<p>[vc_row][vc_column width=&#8220;1\/3&#8243;][vc_single_image image=&#8220;2908&#8243; img_size=&#8220;one-third&#8220; css=&#8220;.vc_custom_1472505658987{padding-top: 20px !important;}&#8220;][\/vc_column][vc_column width=&#8220;2\/3&#8243;][\/vc_column][\/vc_row][vc_row][vc_column][vc_separator css=&#8220;.vc_custom_1472502107654{padding-top: 20px !important;padding-bottom: 20px !important;}&#8220;][\/vc_column][\/vc_row][vc_row][vc_column width=&#8220;1\/4&#8243;][vc_single_image image=&#8220;2947&#8243; img_size=&#8220;one-fourth&#8220;][\/vc_column][vc_column width=&#8220;1\/2&#8243;][vc_column_text]Die \u201eTeroMin\u201c ist ein bew\u00e4hrter TLS Anilox Standard im Flexodruckverfahren und lehnt sich an die hexagonale Wabenstruktur an. Die optimal ausgeformten N\u00e4pfchen in U-Form haben einen gro\u00dfen Einfluss auf Homogenit\u00e4t, Detailtreue und Zielgewicht. Sie erm\u00f6glichen eine optimale Farbabgabe und &hellip; <a href=\"https:\/\/www.tlsanilox.com\/de\/anwendungen\/lasergravur\/\">Weiterlesen<\/a><\/p>\n","protected":false},"author":1,"featured_media":0,"parent":2450,"menu_order":8,"comment_status":"closed","ping_status":"closed","template":"template-anilox.php","meta":[],"acf":[],"yoast_head":"<!-- This site is optimized with the Yoast SEO plugin v19.11 - https:\/\/yoast.com\/wordpress\/plugins\/seo\/ -->\n<title>Lasergravur - TLS Anilox<\/title>\n<meta name=\"description\" content=\"TLS Anilox bietet unterschiedlichste Lasergravuren an. Verschiedene Gravurprofile wurden und werden entwickelt, um selbst die anspruchsvollsten Anforderungen des modernen Flexodrucks zu erf\u00fcllen.\" \/>\n<meta name=\"robots\" content=\"index, follow, max-snippet:-1, max-image-preview:large, max-video-preview:-1\" \/>\n<link rel=\"canonical\" href=\"https:\/\/new.tlsanilox.com\/de\/anwendungen\/lasergravur\/\" \/>\n<meta property=\"og:locale\" content=\"de_DE\" \/>\n<meta property=\"og:type\" content=\"article\" \/>\n<meta property=\"og:title\" content=\"Lasergravur - TLS Anilox\" \/>\n<meta property=\"og:description\" content=\"TLS Anilox bietet unterschiedlichste Lasergravuren an. Verschiedene Gravurprofile wurden und werden entwickelt, um selbst die anspruchsvollsten Anforderungen des modernen Flexodrucks zu erf\u00fcllen.\" \/>\n<meta property=\"og:url\" content=\"https:\/\/new.tlsanilox.com\/de\/anwendungen\/lasergravur\/\" \/>\n<meta property=\"og:site_name\" content=\"TLS Anilox\" \/>\n<meta property=\"article:modified_time\" content=\"2018-01-23T15:00:06+00:00\" \/>\n<meta name=\"twitter:card\" content=\"summary_large_image\" \/>\n<meta name=\"twitter:label1\" content=\"Est. reading time\" \/>\n\t<meta name=\"twitter:data1\" content=\"1 minute\" \/>\n<script type=\"application\/ld+json\" class=\"yoast-schema-graph\">{\"@context\":\"https:\/\/schema.org\",\"@graph\":[{\"@type\":\"WebPage\",\"@id\":\"https:\/\/new.tlsanilox.com\/de\/anwendungen\/lasergravur\/\",\"url\":\"https:\/\/new.tlsanilox.com\/de\/anwendungen\/lasergravur\/\",\"name\":\"Lasergravur - TLS Anilox\",\"isPartOf\":{\"@id\":\"https:\/\/new.tlsanilox.com\/de\/#website\"},\"datePublished\":\"2016-08-25T09:54:09+00:00\",\"dateModified\":\"2018-01-23T15:00:06+00:00\",\"description\":\"TLS Anilox bietet unterschiedlichste Lasergravuren an. Verschiedene Gravurprofile wurden und werden entwickelt, um selbst die anspruchsvollsten Anforderungen des modernen Flexodrucks zu erf\u00fcllen.\",\"breadcrumb\":{\"@id\":\"https:\/\/new.tlsanilox.com\/de\/anwendungen\/lasergravur\/#breadcrumb\"},\"inLanguage\":\"de-DE\",\"potentialAction\":[{\"@type\":\"ReadAction\",\"target\":[\"https:\/\/new.tlsanilox.com\/de\/anwendungen\/lasergravur\/\"]}]},{\"@type\":\"BreadcrumbList\",\"@id\":\"https:\/\/new.tlsanilox.com\/de\/anwendungen\/lasergravur\/#breadcrumb\",\"itemListElement\":[{\"@type\":\"ListItem\",\"position\":1,\"name\":\"Home\",\"item\":\"https:\/\/www.tlsanilox.com\/de\/\"},{\"@type\":\"ListItem\",\"position\":2,\"name\":\"Anwendungen\",\"item\":\"https:\/\/new.tlsanilox.com\/de\/anwendungen\/\"},{\"@type\":\"ListItem\",\"position\":3,\"name\":\"Lasergravur\"}]},{\"@type\":\"WebSite\",\"@id\":\"https:\/\/new.tlsanilox.com\/de\/#website\",\"url\":\"https:\/\/new.tlsanilox.com\/de\/\",\"name\":\"TLS Anilox\",\"description\":\"Improvement of printing quality\",\"potentialAction\":[{\"@type\":\"SearchAction\",\"target\":{\"@type\":\"EntryPoint\",\"urlTemplate\":\"https:\/\/new.tlsanilox.com\/de\/?s={search_term_string}\"},\"query-input\":\"required name=search_term_string\"}],\"inLanguage\":\"de-DE\"}]}<\/script>\n<!-- \/ Yoast SEO plugin. -->","yoast_head_json":{"title":"Lasergravur - TLS Anilox","description":"TLS Anilox bietet unterschiedlichste Lasergravuren an. Verschiedene Gravurprofile wurden und werden entwickelt, um selbst die anspruchsvollsten Anforderungen des modernen Flexodrucks zu erf\u00fcllen.","robots":{"index":"index","follow":"follow","max-snippet":"max-snippet:-1","max-image-preview":"max-image-preview:large","max-video-preview":"max-video-preview:-1"},"canonical":"https:\/\/new.tlsanilox.com\/de\/anwendungen\/lasergravur\/","og_locale":"de_DE","og_type":"article","og_title":"Lasergravur - TLS Anilox","og_description":"TLS Anilox bietet unterschiedlichste Lasergravuren an. Verschiedene Gravurprofile wurden und werden entwickelt, um selbst die anspruchsvollsten Anforderungen des modernen Flexodrucks zu erf\u00fcllen.","og_url":"https:\/\/new.tlsanilox.com\/de\/anwendungen\/lasergravur\/","og_site_name":"TLS Anilox","article_modified_time":"2018-01-23T15:00:06+00:00","twitter_card":"summary_large_image","twitter_misc":{"Est. reading time":"1 minute"},"schema":{"@context":"https:\/\/schema.org","@graph":[{"@type":"WebPage","@id":"https:\/\/new.tlsanilox.com\/de\/anwendungen\/lasergravur\/","url":"https:\/\/new.tlsanilox.com\/de\/anwendungen\/lasergravur\/","name":"Lasergravur - TLS Anilox","isPartOf":{"@id":"https:\/\/new.tlsanilox.com\/de\/#website"},"datePublished":"2016-08-25T09:54:09+00:00","dateModified":"2018-01-23T15:00:06+00:00","description":"TLS Anilox bietet unterschiedlichste Lasergravuren an. Verschiedene Gravurprofile wurden und werden entwickelt, um selbst die anspruchsvollsten Anforderungen des modernen Flexodrucks zu erf\u00fcllen.","breadcrumb":{"@id":"https:\/\/new.tlsanilox.com\/de\/anwendungen\/lasergravur\/#breadcrumb"},"inLanguage":"de-DE","potentialAction":[{"@type":"ReadAction","target":["https:\/\/new.tlsanilox.com\/de\/anwendungen\/lasergravur\/"]}]},{"@type":"BreadcrumbList","@id":"https:\/\/new.tlsanilox.com\/de\/anwendungen\/lasergravur\/#breadcrumb","itemListElement":[{"@type":"ListItem","position":1,"name":"Home","item":"https:\/\/www.tlsanilox.com\/de\/"},{"@type":"ListItem","position":2,"name":"Anwendungen","item":"https:\/\/new.tlsanilox.com\/de\/anwendungen\/"},{"@type":"ListItem","position":3,"name":"Lasergravur"}]},{"@type":"WebSite","@id":"https:\/\/new.tlsanilox.com\/de\/#website","url":"https:\/\/new.tlsanilox.com\/de\/","name":"TLS Anilox","description":"Improvement of printing quality","potentialAction":[{"@type":"SearchAction","target":{"@type":"EntryPoint","urlTemplate":"https:\/\/new.tlsanilox.com\/de\/?s={search_term_string}"},"query-input":"required name=search_term_string"}],"inLanguage":"de-DE"}]}},"_links":{"self":[{"href":"https:\/\/www.tlsanilox.com\/de\/wp-json\/wp\/v2\/pages\/2458"}],"collection":[{"href":"https:\/\/www.tlsanilox.com\/de\/wp-json\/wp\/v2\/pages"}],"about":[{"href":"https:\/\/www.tlsanilox.com\/de\/wp-json\/wp\/v2\/types\/page"}],"author":[{"embeddable":true,"href":"https:\/\/www.tlsanilox.com\/de\/wp-json\/wp\/v2\/users\/1"}],"replies":[{"embeddable":true,"href":"https:\/\/www.tlsanilox.com\/de\/wp-json\/wp\/v2\/comments?post=2458"}],"version-history":[{"count":6,"href":"https:\/\/www.tlsanilox.com\/de\/wp-json\/wp\/v2\/pages\/2458\/revisions"}],"predecessor-version":[{"id":5527,"href":"https:\/\/www.tlsanilox.com\/de\/wp-json\/wp\/v2\/pages\/2458\/revisions\/5527"}],"up":[{"embeddable":true,"href":"https:\/\/www.tlsanilox.com\/de\/wp-json\/wp\/v2\/pages\/2450"}],"wp:attachment":[{"href":"https:\/\/www.tlsanilox.com\/de\/wp-json\/wp\/v2\/media?parent=2458"}],"curies":[{"name":"wp","href":"https:\/\/api.w.org\/{rel}","templated":true}]}}