{"id":2454,"date":"2016-08-25T09:52:56","date_gmt":"2016-08-25T09:52:56","guid":{"rendered":"http:\/\/tls2016.yabo-sites.loc\/de\/?page_id=2454"},"modified":"2018-01-23T14:58:56","modified_gmt":"2018-01-23T14:58:56","slug":"keramikbeschichtung","status":"publish","type":"page","link":"https:\/\/www.tlsanilox.com\/de\/anwendungen\/keramikbeschichtung\/","title":{"rendered":"Keramikbeschichtung"},"content":{"rendered":"<p>[vc_row][vc_column width=&#8220;1\/2&#8243;][vc_single_image image=&#8220;2920&#8243; img_size=&#8220;one-half&#8220;][\/vc_column][vc_column width=&#8220;1\/2&#8243;][vc_single_image image=&#8220;2917&#8243; img_size=&#8220;one-half&#8220;][\/vc_column][\/vc_row][vc_row][vc_column]<div class='tls_box_highlight_text'><p>Die Beschichtungen von Rasterwalzen mit Keramik garantieren von jeher widerstandsf\u00e4hige und verschlei\u00dffeste Oberfl\u00e4chen.<\/p>\n<\/div>[vc_column_text]Die modernen Keramikschichten von TLS Anilox sind resistent gegen Verschlei\u00df, N\u00e4sse und Hitze. Spezielle Sperrschichten zwischen dem Grundwerkstoff und der Keramik verhindern das Eindringen von Farben und aggressiven Reinigern und somit das Korrodieren des Walzenk\u00f6rpers. Die Reproduzierbarkeit Ihrer Druckergebnisse ist dadurch f\u00fcr einen langen Zeitraum gew\u00e4hrleistet.[\/vc_column_text][\/vc_column][\/vc_row][vc_row][vc_column][vc_separator css=&#8220;.vc_custom_1472502714790{padding-top: 20px !important;padding-bottom: 20px !important;}&#8220;]<div class='tls_big_title normal' ><h2 class='normal'><p>Langlebige Rasterwalzen durch hochwertige Keramikbeschichtungen<\/p>\n<\/h2><\/div>[\/vc_column][\/vc_row][vc_row][vc_column width=&#8220;2\/3&#8243;][vc_column_text]Die Keramikbeschichtung verk\u00f6rpert den qualitativ hochwertigen Grundstock der Rasterwalze.<\/p>\n<p>F\u00fcr eine hochpr\u00e4zise Lasergravur muss die Keramikbeschichtung absolut homogen sein. Wir garantieren Ihnen einzigartige Reinheit und H\u00e4rte, denn TLS Anilox verwendet nur hochwertige Keramikpulver in modernsten Beschichtungsanlagen.<\/p>\n<p>Die in Salzkotten neu entwickelte Keramikbeschichtung verleiht Ihren Rasterwalzen und Sleeves sowohl eine dauerhafte Widerstandsf\u00e4higkeit als auch eine lange Lebensdauer.[\/vc_column_text][\/vc_column][vc_column width=&#8220;1\/3&#8243;][vc_column_text el_class=&#8220;highlight green&#8220;]<\/p>\n<h4>Ihre Vorteile<\/h4>\n<ul>\n<li>\u00fcberdurchschnittliche H\u00e4rte: 1.200 &#8211; 1.500 HV0.3<\/li>\n<li>Reinheitsgrad des Chromoxids liegt bei 99,5%<\/li>\n<li>Korrosionsschutzschicht inklusive<\/li>\n<\/ul>\n<p>[\/vc_column_text][\/vc_column][\/vc_row]<\/p>\n","protected":false},"excerpt":{"rendered":"<p>[vc_row][vc_column width=&#8220;1\/2&#8243;][vc_single_image image=&#8220;2920&#8243; img_size=&#8220;one-half&#8220;][\/vc_column][vc_column width=&#8220;1\/2&#8243;][vc_single_image image=&#8220;2917&#8243; img_size=&#8220;one-half&#8220;][\/vc_column][\/vc_row][vc_row][vc_column][vc_column_text]Die modernen Keramikschichten von TLS Anilox sind resistent gegen Verschlei\u00df, N\u00e4sse und Hitze. Spezielle Sperrschichten zwischen dem Grundwerkstoff und der Keramik verhindern das Eindringen von Farben und aggressiven Reinigern und somit das Korrodieren des Walzenk\u00f6rpers. Die Reproduzierbarkeit Ihrer Druckergebnisse ist dadurch f\u00fcr einen langen Zeitraum gew\u00e4hrleistet.[\/vc_column_text][\/vc_column][\/vc_row][vc_row][vc_column][vc_separator css=&#8220;.vc_custom_1472502714790{padding-top: 20px !important;padding-bottom: &hellip; <a href=\"https:\/\/www.tlsanilox.com\/de\/anwendungen\/keramikbeschichtung\/\">Weiterlesen<\/a><\/p>\n","protected":false},"author":1,"featured_media":0,"parent":2450,"menu_order":5,"comment_status":"closed","ping_status":"closed","template":"template-anilox.php","meta":[],"acf":[],"yoast_head":"<!-- This site is optimized with the Yoast SEO plugin v19.11 - https:\/\/yoast.com\/wordpress\/plugins\/seo\/ -->\n<title>Keramikbeschichtung - TLS Anilox<\/title>\n<meta name=\"description\" content=\"Die Beschichtungen von Rasterwalzen mit Keramik garantieren von jeher widerstandsf\u00e4hige und verschlei\u00dffeste Oberfl\u00e4chen.\" \/>\n<meta name=\"robots\" content=\"index, follow, max-snippet:-1, max-image-preview:large, max-video-preview:-1\" \/>\n<link rel=\"canonical\" href=\"https:\/\/new.tlsanilox.com\/de\/anwendungen\/keramikbeschichtung\/\" \/>\n<meta property=\"og:locale\" content=\"de_DE\" \/>\n<meta property=\"og:type\" content=\"article\" \/>\n<meta property=\"og:title\" content=\"Keramikbeschichtung - TLS Anilox\" \/>\n<meta property=\"og:description\" content=\"Die Beschichtungen von Rasterwalzen mit Keramik garantieren von jeher widerstandsf\u00e4hige und verschlei\u00dffeste Oberfl\u00e4chen.\" \/>\n<meta property=\"og:url\" content=\"https:\/\/new.tlsanilox.com\/de\/anwendungen\/keramikbeschichtung\/\" \/>\n<meta property=\"og:site_name\" content=\"TLS Anilox\" \/>\n<meta property=\"article:modified_time\" content=\"2018-01-23T14:58:56+00:00\" \/>\n<meta name=\"twitter:card\" content=\"summary_large_image\" \/>\n<meta name=\"twitter:label1\" content=\"Est. reading time\" \/>\n\t<meta name=\"twitter:data1\" content=\"1 minute\" \/>\n<script type=\"application\/ld+json\" class=\"yoast-schema-graph\">{\"@context\":\"https:\/\/schema.org\",\"@graph\":[{\"@type\":\"WebPage\",\"@id\":\"https:\/\/new.tlsanilox.com\/de\/anwendungen\/keramikbeschichtung\/\",\"url\":\"https:\/\/new.tlsanilox.com\/de\/anwendungen\/keramikbeschichtung\/\",\"name\":\"Keramikbeschichtung - TLS Anilox\",\"isPartOf\":{\"@id\":\"https:\/\/new.tlsanilox.com\/de\/#website\"},\"datePublished\":\"2016-08-25T09:52:56+00:00\",\"dateModified\":\"2018-01-23T14:58:56+00:00\",\"description\":\"Die Beschichtungen von Rasterwalzen mit Keramik garantieren von jeher widerstandsf\u00e4hige und verschlei\u00dffeste Oberfl\u00e4chen.\",\"breadcrumb\":{\"@id\":\"https:\/\/new.tlsanilox.com\/de\/anwendungen\/keramikbeschichtung\/#breadcrumb\"},\"inLanguage\":\"de-DE\",\"potentialAction\":[{\"@type\":\"ReadAction\",\"target\":[\"https:\/\/new.tlsanilox.com\/de\/anwendungen\/keramikbeschichtung\/\"]}]},{\"@type\":\"BreadcrumbList\",\"@id\":\"https:\/\/new.tlsanilox.com\/de\/anwendungen\/keramikbeschichtung\/#breadcrumb\",\"itemListElement\":[{\"@type\":\"ListItem\",\"position\":1,\"name\":\"Home\",\"item\":\"https:\/\/www.tlsanilox.com\/de\/\"},{\"@type\":\"ListItem\",\"position\":2,\"name\":\"Anwendungen\",\"item\":\"https:\/\/new.tlsanilox.com\/de\/anwendungen\/\"},{\"@type\":\"ListItem\",\"position\":3,\"name\":\"Keramikbeschichtung\"}]},{\"@type\":\"WebSite\",\"@id\":\"https:\/\/new.tlsanilox.com\/de\/#website\",\"url\":\"https:\/\/new.tlsanilox.com\/de\/\",\"name\":\"TLS Anilox\",\"description\":\"Improvement of printing quality\",\"potentialAction\":[{\"@type\":\"SearchAction\",\"target\":{\"@type\":\"EntryPoint\",\"urlTemplate\":\"https:\/\/new.tlsanilox.com\/de\/?s={search_term_string}\"},\"query-input\":\"required name=search_term_string\"}],\"inLanguage\":\"de-DE\"}]}<\/script>\n<!-- \/ Yoast SEO plugin. -->","yoast_head_json":{"title":"Keramikbeschichtung - TLS Anilox","description":"Die Beschichtungen von Rasterwalzen mit Keramik garantieren von jeher widerstandsf\u00e4hige und verschlei\u00dffeste Oberfl\u00e4chen.","robots":{"index":"index","follow":"follow","max-snippet":"max-snippet:-1","max-image-preview":"max-image-preview:large","max-video-preview":"max-video-preview:-1"},"canonical":"https:\/\/new.tlsanilox.com\/de\/anwendungen\/keramikbeschichtung\/","og_locale":"de_DE","og_type":"article","og_title":"Keramikbeschichtung - TLS Anilox","og_description":"Die Beschichtungen von Rasterwalzen mit Keramik garantieren von jeher widerstandsf\u00e4hige und verschlei\u00dffeste Oberfl\u00e4chen.","og_url":"https:\/\/new.tlsanilox.com\/de\/anwendungen\/keramikbeschichtung\/","og_site_name":"TLS Anilox","article_modified_time":"2018-01-23T14:58:56+00:00","twitter_card":"summary_large_image","twitter_misc":{"Est. reading time":"1 minute"},"schema":{"@context":"https:\/\/schema.org","@graph":[{"@type":"WebPage","@id":"https:\/\/new.tlsanilox.com\/de\/anwendungen\/keramikbeschichtung\/","url":"https:\/\/new.tlsanilox.com\/de\/anwendungen\/keramikbeschichtung\/","name":"Keramikbeschichtung - TLS Anilox","isPartOf":{"@id":"https:\/\/new.tlsanilox.com\/de\/#website"},"datePublished":"2016-08-25T09:52:56+00:00","dateModified":"2018-01-23T14:58:56+00:00","description":"Die Beschichtungen von Rasterwalzen mit Keramik garantieren von jeher widerstandsf\u00e4hige und verschlei\u00dffeste Oberfl\u00e4chen.","breadcrumb":{"@id":"https:\/\/new.tlsanilox.com\/de\/anwendungen\/keramikbeschichtung\/#breadcrumb"},"inLanguage":"de-DE","potentialAction":[{"@type":"ReadAction","target":["https:\/\/new.tlsanilox.com\/de\/anwendungen\/keramikbeschichtung\/"]}]},{"@type":"BreadcrumbList","@id":"https:\/\/new.tlsanilox.com\/de\/anwendungen\/keramikbeschichtung\/#breadcrumb","itemListElement":[{"@type":"ListItem","position":1,"name":"Home","item":"https:\/\/www.tlsanilox.com\/de\/"},{"@type":"ListItem","position":2,"name":"Anwendungen","item":"https:\/\/new.tlsanilox.com\/de\/anwendungen\/"},{"@type":"ListItem","position":3,"name":"Keramikbeschichtung"}]},{"@type":"WebSite","@id":"https:\/\/new.tlsanilox.com\/de\/#website","url":"https:\/\/new.tlsanilox.com\/de\/","name":"TLS Anilox","description":"Improvement of printing quality","potentialAction":[{"@type":"SearchAction","target":{"@type":"EntryPoint","urlTemplate":"https:\/\/new.tlsanilox.com\/de\/?s={search_term_string}"},"query-input":"required name=search_term_string"}],"inLanguage":"de-DE"}]}},"_links":{"self":[{"href":"https:\/\/www.tlsanilox.com\/de\/wp-json\/wp\/v2\/pages\/2454"}],"collection":[{"href":"https:\/\/www.tlsanilox.com\/de\/wp-json\/wp\/v2\/pages"}],"about":[{"href":"https:\/\/www.tlsanilox.com\/de\/wp-json\/wp\/v2\/types\/page"}],"author":[{"embeddable":true,"href":"https:\/\/www.tlsanilox.com\/de\/wp-json\/wp\/v2\/users\/1"}],"replies":[{"embeddable":true,"href":"https:\/\/www.tlsanilox.com\/de\/wp-json\/wp\/v2\/comments?post=2454"}],"version-history":[{"count":9,"href":"https:\/\/www.tlsanilox.com\/de\/wp-json\/wp\/v2\/pages\/2454\/revisions"}],"predecessor-version":[{"id":5526,"href":"https:\/\/www.tlsanilox.com\/de\/wp-json\/wp\/v2\/pages\/2454\/revisions\/5526"}],"up":[{"embeddable":true,"href":"https:\/\/www.tlsanilox.com\/de\/wp-json\/wp\/v2\/pages\/2450"}],"wp:attachment":[{"href":"https:\/\/www.tlsanilox.com\/de\/wp-json\/wp\/v2\/media?parent=2454"}],"curies":[{"name":"wp","href":"https:\/\/api.w.org\/{rel}","templated":true}]}}